{"id":1375,"date":"2025-06-25T11:46:12","date_gmt":"2025-06-25T09:46:12","guid":{"rendered":"https:\/\/www.paulinakamakine.fr\/?page_id=1375"},"modified":"2025-09-17T15:09:23","modified_gmt":"2025-09-17T13:09:23","slug":"courts-metrages","status":"publish","type":"page","link":"https:\/\/www.paulinakamakine.fr\/fr_fr\/courts-metrages\/","title":{"rendered":"Courts m\u00e9trages"},"content":{"rendered":"\n<h2 class=\"wp-block-heading\"><em>Garonne vue par Garonne, de sa source \u00e0 l&rsquo;oc\u00e9an<\/em><\/h2>\n\n\n\n<figure class=\"wp-block-embed is-type-video is-provider-vimeo wp-block-embed-vimeo wp-embed-aspect-16-9 wp-has-aspect-ratio\"><div class=\"wp-block-embed__wrapper\">\n<iframe loading=\"lazy\" title=\"TEASER Garonne Vue Par Garonne, de sa source \u00e0 l&#039;oc\u00e9an\" src=\"https:\/\/player.vimeo.com\/video\/812430434?dnt=1&amp;app_id=122963\" width=\"750\" height=\"422\" frameborder=\"0\" allow=\"autoplay; fullscreen; picture-in-picture; clipboard-write; encrypted-media; web-share\"><\/iframe>\n<\/div><\/figure>\n\n\n\n<br>\n\n\n\n<p>Un documentaire r\u00e9alis\u00e9 par H\u00e9l\u00e8ne Michel Caillet produit par l&rsquo;association <a href=\"https:\/\/www.collectif-elypse.com\/\">Elypse <\/a>. Voix fran\u00e7aise : Thelma Caillet. Voix occitane : Paulina Kamakine. <\/p>\n\n\n\n<br>\n\n\n\n<p>\u00ab\u00a0Dame Garonne identifie notre territoire et marque de son empreinte nos paysages et nos activit\u00e9s avec ses diff\u00e9rents visages. Au travers du m\u00e9dium documentaire de ce projet Garonne vue par Garonne, nous souhaitons cr\u00e9er un outil po\u00e9tique et sensoriel afin de redonner la parole au fleuve. L\u2019id\u00e9e est de mettre en valeur Garonne comme un conte, comme une personne qui raconte sa propre histoire : celle du voyage de la goutte d\u2019eau sortie de l\u2019antre de la terre pour finir dans les bras de l\u2019oc\u00e9an\u00a0\u00bb<br><\/p>\n\n\n\n<p class=\"has-text-align-right\">H\u00e9l\u00e8ne Michel Caillet<\/p>\n\n\n\n<figure class=\"wp-block-gallery has-nested-images columns-default is-cropped wp-block-gallery-1 is-layout-flex wp-block-gallery-is-layout-flex\">\n<figure data-wp-context=\"{&quot;imageId&quot;:&quot;69debdec603cb&quot;}\" data-wp-interactive=\"core\/image\" data-wp-key=\"69debdec603cb\" class=\"wp-block-image size-large wp-lightbox-container\"><img loading=\"lazy\" decoding=\"async\" width=\"816\" height=\"1024\" data-wp-class--hide=\"state.isContentHidden\" data-wp-class--show=\"state.isContentVisible\" data-wp-init=\"callbacks.setButtonStyles\" data-wp-on--click=\"actions.showLightbox\" data-wp-on--load=\"callbacks.setButtonStyles\" data-wp-on-window--resize=\"callbacks.setButtonStyles\" data-id=\"1431\" src=\"https:\/\/www.paulinakamakine.fr\/wp-content\/uploads\/2025\/07\/Thelma_caillet-816x1024.png\" alt=\"\" class=\"wp-image-1431\" srcset=\"https:\/\/www.paulinakamakine.fr\/wp-content\/uploads\/2025\/07\/Thelma_caillet-816x1024.png 816w, https:\/\/www.paulinakamakine.fr\/wp-content\/uploads\/2025\/07\/Thelma_caillet-239x300.png 239w, https:\/\/www.paulinakamakine.fr\/wp-content\/uploads\/2025\/07\/Thelma_caillet-768x964.png 768w, https:\/\/www.paulinakamakine.fr\/wp-content\/uploads\/2025\/07\/Thelma_caillet-10x12.png 10w, https:\/\/www.paulinakamakine.fr\/wp-content\/uploads\/2025\/07\/Thelma_caillet.png 850w\" sizes=\"auto, (max-width: 816px) 100vw, 816px\" \/><button\n\t\t\tclass=\"lightbox-trigger\"\n\t\t\ttype=\"button\"\n\t\t\taria-haspopup=\"dialog\"\n\t\t\taria-label=\"Agrandir\"\n\t\t\tdata-wp-init=\"callbacks.initTriggerButton\"\n\t\t\tdata-wp-on--click=\"actions.showLightbox\"\n\t\t\tdata-wp-style--right=\"state.imageButtonRight\"\n\t\t\tdata-wp-style--top=\"state.imageButtonTop\"\n\t\t>\n\t\t\t<svg xmlns=\"http:\/\/www.w3.org\/2000\/svg\" width=\"12\" height=\"12\" fill=\"none\" viewBox=\"0 0 12 12\">\n\t\t\t\t<path fill=\"#fff\" d=\"M2 0a2 2 0 0 0-2 2v2h1.5V2a.5.5 0 0 1 .5-.5h2V0H2Zm2 10.5H2a.5.5 0 0 1-.5-.5V8H0v2a2 2 0 0 0 2 2h2v-1.5ZM8 12v-1.5h2a.5.5 0 0 0 .5-.5V8H12v2a2 2 0 0 1-2 2H8Zm2-12a2 2 0 0 1 2 2v2h-1.5V2a.5.5 0 0 0-.5-.5H8V0h2Z\" \/>\n\t\t\t<\/svg>\n\t\t<\/button><\/figure>\n\n\n\n<figure data-wp-context=\"{&quot;imageId&quot;:&quot;69debdec607fd&quot;}\" data-wp-interactive=\"core\/image\" data-wp-key=\"69debdec607fd\" class=\"wp-block-image size-large wp-lightbox-container\"><img loading=\"lazy\" decoding=\"async\" width=\"810\" height=\"1024\" data-wp-class--hide=\"state.isContentHidden\" data-wp-class--show=\"state.isContentVisible\" data-wp-init=\"callbacks.setButtonStyles\" data-wp-on--click=\"actions.showLightbox\" data-wp-on--load=\"callbacks.setButtonStyles\" data-wp-on-window--resize=\"callbacks.setButtonStyles\" data-id=\"1430\" src=\"https:\/\/www.paulinakamakine.fr\/wp-content\/uploads\/2025\/07\/Paulina_Kamakine-810x1024.png\" alt=\"\" class=\"wp-image-1430\" srcset=\"https:\/\/www.paulinakamakine.fr\/wp-content\/uploads\/2025\/07\/Paulina_Kamakine-810x1024.png 810w, https:\/\/www.paulinakamakine.fr\/wp-content\/uploads\/2025\/07\/Paulina_Kamakine-237x300.png 237w, https:\/\/www.paulinakamakine.fr\/wp-content\/uploads\/2025\/07\/Paulina_Kamakine-768x971.png 768w, https:\/\/www.paulinakamakine.fr\/wp-content\/uploads\/2025\/07\/Paulina_Kamakine-9x12.png 9w, https:\/\/www.paulinakamakine.fr\/wp-content\/uploads\/2025\/07\/Paulina_Kamakine.png 854w\" sizes=\"auto, (max-width: 810px) 100vw, 810px\" \/><button\n\t\t\tclass=\"lightbox-trigger\"\n\t\t\ttype=\"button\"\n\t\t\taria-haspopup=\"dialog\"\n\t\t\taria-label=\"Agrandir\"\n\t\t\tdata-wp-init=\"callbacks.initTriggerButton\"\n\t\t\tdata-wp-on--click=\"actions.showLightbox\"\n\t\t\tdata-wp-style--right=\"state.imageButtonRight\"\n\t\t\tdata-wp-style--top=\"state.imageButtonTop\"\n\t\t>\n\t\t\t<svg xmlns=\"http:\/\/www.w3.org\/2000\/svg\" width=\"12\" height=\"12\" fill=\"none\" viewBox=\"0 0 12 12\">\n\t\t\t\t<path fill=\"#fff\" d=\"M2 0a2 2 0 0 0-2 2v2h1.5V2a.5.5 0 0 1 .5-.5h2V0H2Zm2 10.5H2a.5.5 0 0 1-.5-.5V8H0v2a2 2 0 0 0 2 2h2v-1.5ZM8 12v-1.5h2a.5.5 0 0 0 .5-.5V8H12v2a2 2 0 0 1-2 2H8Zm2-12a2 2 0 0 1 2 2v2h-1.5V2a.5.5 0 0 0-.5-.5H8V0h2Z\" \/>\n\t\t\t<\/svg>\n\t\t<\/button><\/figure>\n\n\n\n<figure data-wp-context=\"{&quot;imageId&quot;:&quot;69debdec60b9f&quot;}\" data-wp-interactive=\"core\/image\" data-wp-key=\"69debdec60b9f\" class=\"wp-block-image size-large wp-lightbox-container\"><img loading=\"lazy\" decoding=\"async\" width=\"814\" height=\"1024\" data-wp-class--hide=\"state.isContentHidden\" data-wp-class--show=\"state.isContentVisible\" data-wp-init=\"callbacks.setButtonStyles\" data-wp-on--click=\"actions.showLightbox\" data-wp-on--load=\"callbacks.setButtonStyles\" data-wp-on-window--resize=\"callbacks.setButtonStyles\" data-id=\"1429\" src=\"https:\/\/www.paulinakamakine.fr\/wp-content\/uploads\/2025\/07\/Victor_Novak-814x1024.png\" alt=\"\" class=\"wp-image-1429\" srcset=\"https:\/\/www.paulinakamakine.fr\/wp-content\/uploads\/2025\/07\/Victor_Novak-814x1024.png 814w, https:\/\/www.paulinakamakine.fr\/wp-content\/uploads\/2025\/07\/Victor_Novak-238x300.png 238w, https:\/\/www.paulinakamakine.fr\/wp-content\/uploads\/2025\/07\/Victor_Novak-768x967.png 768w, https:\/\/www.paulinakamakine.fr\/wp-content\/uploads\/2025\/07\/Victor_Novak-10x12.png 10w, https:\/\/www.paulinakamakine.fr\/wp-content\/uploads\/2025\/07\/Victor_Novak.png 855w\" sizes=\"auto, (max-width: 814px) 100vw, 814px\" \/><button\n\t\t\tclass=\"lightbox-trigger\"\n\t\t\ttype=\"button\"\n\t\t\taria-haspopup=\"dialog\"\n\t\t\taria-label=\"Agrandir\"\n\t\t\tdata-wp-init=\"callbacks.initTriggerButton\"\n\t\t\tdata-wp-on--click=\"actions.showLightbox\"\n\t\t\tdata-wp-style--right=\"state.imageButtonRight\"\n\t\t\tdata-wp-style--top=\"state.imageButtonTop\"\n\t\t>\n\t\t\t<svg xmlns=\"http:\/\/www.w3.org\/2000\/svg\" width=\"12\" height=\"12\" fill=\"none\" viewBox=\"0 0 12 12\">\n\t\t\t\t<path fill=\"#fff\" d=\"M2 0a2 2 0 0 0-2 2v2h1.5V2a.5.5 0 0 1 .5-.5h2V0H2Zm2 10.5H2a.5.5 0 0 1-.5-.5V8H0v2a2 2 0 0 0 2 2h2v-1.5ZM8 12v-1.5h2a.5.5 0 0 0 .5-.5V8H12v2a2 2 0 0 1-2 2H8Zm2-12a2 2 0 0 1 2 2v2h-1.5V2a.5.5 0 0 0-.5-.5H8V0h2Z\" \/>\n\t\t\t<\/svg>\n\t\t<\/button><\/figure>\n\n\n\n<figure class=\"wp-block-image size-large\"><img loading=\"lazy\" decoding=\"async\" width=\"1017\" height=\"1024\" data-id=\"1428\" src=\"https:\/\/www.paulinakamakine.fr\/wp-content\/uploads\/2025\/07\/Helene_Michel_Caillet-1017x1024.png\" alt=\"\" class=\"wp-image-1428\" srcset=\"https:\/\/www.paulinakamakine.fr\/wp-content\/uploads\/2025\/07\/Helene_Michel_Caillet-1017x1024.png 1017w, https:\/\/www.paulinakamakine.fr\/wp-content\/uploads\/2025\/07\/Helene_Michel_Caillet-298x300.png 298w, https:\/\/www.paulinakamakine.fr\/wp-content\/uploads\/2025\/07\/Helene_Michel_Caillet-150x150.png 150w, https:\/\/www.paulinakamakine.fr\/wp-content\/uploads\/2025\/07\/Helene_Michel_Caillet-768x773.png 768w, https:\/\/www.paulinakamakine.fr\/wp-content\/uploads\/2025\/07\/Helene_Michel_Caillet-12x12.png 12w, https:\/\/www.paulinakamakine.fr\/wp-content\/uploads\/2025\/07\/Helene_Michel_Caillet.png 1067w\" sizes=\"auto, (max-width: 1017px) 100vw, 1017px\" \/><\/figure>\n<\/figure>\n","protected":false},"excerpt":{"rendered":"<p>Garonne vue par Garonne, de sa source \u00e0 l&rsquo;oc\u00e9an Un documentaire r\u00e9alis\u00e9 par H\u00e9l\u00e8ne Michel Caillet produit par l&rsquo;association Elypse . Voix fran\u00e7aise : Thelma Caillet. Voix occitane : Paulina Kamakine. \u00ab\u00a0Dame Garonne identifie notre territoire et marque de son empreinte nos paysages et nos activit\u00e9s avec ses diff\u00e9rents visages. [&hellip;]<\/p>\n","protected":false},"author":1,"featured_media":0,"parent":0,"menu_order":0,"comment_status":"closed","ping_status":"closed","template":"","meta":{"footnotes":""},"class_list":["post-1375","page","type-page","status-publish","hentry"],"yoast_head":"<!-- This site is optimized with the Yoast SEO plugin v27.4 - https:\/\/yoast.com\/product\/yoast-seo-wordpress\/ -->\n<title>Courts m\u00e9trages - Paulina Kamakine<\/title>\n<meta name=\"description\" content=\"Parfois Pauline Kamakine fait des apparitions dans des oeuvres audiovisuelles. Soit en apparaissant \u00e0 l&#039;\u00e9cran soit en pr\u00eatant sa voix.\" \/>\n<meta name=\"robots\" content=\"index, follow, max-snippet:-1, max-image-preview:large, max-video-preview:-1\" \/>\n<link rel=\"canonical\" href=\"https:\/\/www.paulinakamakine.fr\/fr_fr\/courts-metrages\/\" \/>\n<meta property=\"og:locale\" content=\"fr_FR\" \/>\n<meta property=\"og:type\" content=\"article\" \/>\n<meta property=\"og:title\" content=\"Courts m\u00e9trages - Paulina Kamakine\" \/>\n<meta property=\"og:description\" content=\"Parfois Pauline Kamakine fait des apparitions dans des oeuvres audiovisuelles. Soit en apparaissant \u00e0 l&#039;\u00e9cran soit en pr\u00eatant sa voix.\" \/>\n<meta property=\"og:url\" content=\"https:\/\/www.paulinakamakine.fr\/fr_fr\/courts-metrages\/\" \/>\n<meta property=\"og:site_name\" content=\"Paulina Kamakine\" \/>\n<meta property=\"article:publisher\" content=\"https:\/\/www.facebook.com\/pauline.erasmus.9\" \/>\n<meta property=\"article:modified_time\" content=\"2025-09-17T13:09:23+00:00\" \/>\n<meta property=\"og:image\" content=\"https:\/\/www.paulinakamakine.fr\/wp-content\/uploads\/2025\/07\/Thelma_caillet.png\" \/>\n\t<meta property=\"og:image:width\" content=\"850\" \/>\n\t<meta property=\"og:image:height\" content=\"1067\" \/>\n\t<meta property=\"og:image:type\" content=\"image\/png\" \/>\n<meta name=\"twitter:card\" content=\"summary_large_image\" \/>\n<meta name=\"twitter:site\" content=\"@LanguesetCultur\" \/>\n<meta name=\"twitter:label1\" content=\"Dur\u00e9e de lecture estim\u00e9e\" \/>\n\t<meta name=\"twitter:data1\" content=\"2 minutes\" \/>\n<script type=\"application\/ld+json\" class=\"yoast-schema-graph\">{\"@context\":\"https:\\\/\\\/schema.org\",\"@graph\":[{\"@type\":\"WebPage\",\"@id\":\"https:\\\/\\\/www.paulinakamakine.fr\\\/courts-metrages\\\/\",\"url\":\"https:\\\/\\\/www.paulinakamakine.fr\\\/courts-metrages\\\/\",\"name\":\"Courts m\u00e9trages - Paulina Kamakine\",\"isPartOf\":{\"@id\":\"https:\\\/\\\/www.paulinakamakine.fr\\\/#website\"},\"primaryImageOfPage\":{\"@id\":\"https:\\\/\\\/www.paulinakamakine.fr\\\/courts-metrages\\\/#primaryimage\"},\"image\":{\"@id\":\"https:\\\/\\\/www.paulinakamakine.fr\\\/courts-metrages\\\/#primaryimage\"},\"thumbnailUrl\":\"https:\\\/\\\/www.paulinakamakine.fr\\\/wp-content\\\/uploads\\\/2025\\\/07\\\/Thelma_caillet-816x1024.png\",\"datePublished\":\"2025-06-25T09:46:12+00:00\",\"dateModified\":\"2025-09-17T13:09:23+00:00\",\"description\":\"Parfois Pauline Kamakine fait des apparitions dans des oeuvres audiovisuelles. Soit en apparaissant \u00e0 l'\u00e9cran soit en pr\u00eatant sa voix.\",\"breadcrumb\":{\"@id\":\"https:\\\/\\\/www.paulinakamakine.fr\\\/courts-metrages\\\/#breadcrumb\"},\"inLanguage\":\"fr-FR\",\"potentialAction\":[{\"@type\":\"ReadAction\",\"target\":[\"https:\\\/\\\/www.paulinakamakine.fr\\\/courts-metrages\\\/\"]}]},{\"@type\":\"ImageObject\",\"inLanguage\":\"fr-FR\",\"@id\":\"https:\\\/\\\/www.paulinakamakine.fr\\\/courts-metrages\\\/#primaryimage\",\"url\":\"https:\\\/\\\/www.paulinakamakine.fr\\\/wp-content\\\/uploads\\\/2025\\\/07\\\/Thelma_caillet-816x1024.png\",\"contentUrl\":\"https:\\\/\\\/www.paulinakamakine.fr\\\/wp-content\\\/uploads\\\/2025\\\/07\\\/Thelma_caillet-816x1024.png\"},{\"@type\":\"BreadcrumbList\",\"@id\":\"https:\\\/\\\/www.paulinakamakine.fr\\\/courts-metrages\\\/#breadcrumb\",\"itemListElement\":[{\"@type\":\"ListItem\",\"position\":1,\"name\":\"Paulina Kamakine\",\"item\":\"https:\\\/\\\/www.paulinakamakine.fr\\\/\"},{\"@type\":\"ListItem\",\"position\":2,\"name\":\"Courts m\u00e9trages\"}]},{\"@type\":\"WebSite\",\"@id\":\"https:\\\/\\\/www.paulinakamakine.fr\\\/#website\",\"url\":\"https:\\\/\\\/www.paulinakamakine.fr\\\/\",\"name\":\"Paulina Kamakine\",\"description\":\"Site Officiel du P\u00e8tit Aous\u00e8t | Bienvenue en Terre Occitane\",\"publisher\":{\"@id\":\"https:\\\/\\\/www.paulinakamakine.fr\\\/#\\\/schema\\\/person\\\/ebde08b0f233cf45a106ceddce6f1e60\"},\"potentialAction\":[{\"@type\":\"SearchAction\",\"target\":{\"@type\":\"EntryPoint\",\"urlTemplate\":\"https:\\\/\\\/www.paulinakamakine.fr\\\/?s={search_term_string}\"},\"query-input\":{\"@type\":\"PropertyValueSpecification\",\"valueRequired\":true,\"valueName\":\"search_term_string\"}}],\"inLanguage\":\"fr-FR\"},{\"@type\":[\"Person\",\"Organization\"],\"@id\":\"https:\\\/\\\/www.paulinakamakine.fr\\\/#\\\/schema\\\/person\\\/ebde08b0f233cf45a106ceddce6f1e60\",\"name\":\"Paulina Kamakine\",\"image\":{\"@type\":\"ImageObject\",\"inLanguage\":\"fr-FR\",\"@id\":\"https:\\\/\\\/www.paulinakamakine.fr\\\/wp-content\\\/uploads\\\/2022\\\/07\\\/paulina5.jpg\",\"url\":\"https:\\\/\\\/www.paulinakamakine.fr\\\/wp-content\\\/uploads\\\/2022\\\/07\\\/paulina5.jpg\",\"contentUrl\":\"https:\\\/\\\/www.paulinakamakine.fr\\\/wp-content\\\/uploads\\\/2022\\\/07\\\/paulina5.jpg\",\"width\":640,\"height\":480,\"caption\":\"Paulina Kamakine\"},\"logo\":{\"@id\":\"https:\\\/\\\/www.paulinakamakine.fr\\\/wp-content\\\/uploads\\\/2022\\\/07\\\/paulina5.jpg\"},\"sameAs\":[\"http:\\\/\\\/paulinakamakine.fr\",\"https:\\\/\\\/www.facebook.com\\\/pauline.erasmus.9\",\"https:\\\/\\\/www.instagram.com\\\/totenpoesia\\\/\",\"https:\\\/\\\/www.pinterest.fr\\\/loupetitauseth\\\/_saved\\\/\",\"https:\\\/\\\/x.com\\\/https:\\\/\\\/twitter.com\\\/LanguesetCultur\",\"https:\\\/\\\/www.youtube.com\\\/channel\\\/UChOQo8GUCc2WbjImIccdx5Q?view_as=subscriber\"]}]}<\/script>\n<!-- \/ Yoast SEO plugin. -->","yoast_head_json":{"title":"Courts m\u00e9trages - Paulina Kamakine","description":"Parfois Pauline Kamakine fait des apparitions dans des oeuvres audiovisuelles. Soit en apparaissant \u00e0 l'\u00e9cran soit en pr\u00eatant sa voix.","robots":{"index":"index","follow":"follow","max-snippet":"max-snippet:-1","max-image-preview":"max-image-preview:large","max-video-preview":"max-video-preview:-1"},"canonical":"https:\/\/www.paulinakamakine.fr\/fr_fr\/courts-metrages\/","og_locale":"fr_FR","og_type":"article","og_title":"Courts m\u00e9trages - Paulina Kamakine","og_description":"Parfois Pauline Kamakine fait des apparitions dans des oeuvres audiovisuelles. Soit en apparaissant \u00e0 l'\u00e9cran soit en pr\u00eatant sa voix.","og_url":"https:\/\/www.paulinakamakine.fr\/fr_fr\/courts-metrages\/","og_site_name":"Paulina Kamakine","article_publisher":"https:\/\/www.facebook.com\/pauline.erasmus.9","article_modified_time":"2025-09-17T13:09:23+00:00","og_image":[{"width":850,"height":1067,"url":"https:\/\/www.paulinakamakine.fr\/wp-content\/uploads\/2025\/07\/Thelma_caillet.png","type":"image\/png"}],"twitter_card":"summary_large_image","twitter_site":"@LanguesetCultur","twitter_misc":{"Dur\u00e9e de lecture estim\u00e9e":"2 minutes"},"schema":{"@context":"https:\/\/schema.org","@graph":[{"@type":"WebPage","@id":"https:\/\/www.paulinakamakine.fr\/courts-metrages\/","url":"https:\/\/www.paulinakamakine.fr\/courts-metrages\/","name":"Courts m\u00e9trages - Paulina Kamakine","isPartOf":{"@id":"https:\/\/www.paulinakamakine.fr\/#website"},"primaryImageOfPage":{"@id":"https:\/\/www.paulinakamakine.fr\/courts-metrages\/#primaryimage"},"image":{"@id":"https:\/\/www.paulinakamakine.fr\/courts-metrages\/#primaryimage"},"thumbnailUrl":"https:\/\/www.paulinakamakine.fr\/wp-content\/uploads\/2025\/07\/Thelma_caillet-816x1024.png","datePublished":"2025-06-25T09:46:12+00:00","dateModified":"2025-09-17T13:09:23+00:00","description":"Parfois Pauline Kamakine fait des apparitions dans des oeuvres audiovisuelles. Soit en apparaissant \u00e0 l'\u00e9cran soit en pr\u00eatant sa voix.","breadcrumb":{"@id":"https:\/\/www.paulinakamakine.fr\/courts-metrages\/#breadcrumb"},"inLanguage":"fr-FR","potentialAction":[{"@type":"ReadAction","target":["https:\/\/www.paulinakamakine.fr\/courts-metrages\/"]}]},{"@type":"ImageObject","inLanguage":"fr-FR","@id":"https:\/\/www.paulinakamakine.fr\/courts-metrages\/#primaryimage","url":"https:\/\/www.paulinakamakine.fr\/wp-content\/uploads\/2025\/07\/Thelma_caillet-816x1024.png","contentUrl":"https:\/\/www.paulinakamakine.fr\/wp-content\/uploads\/2025\/07\/Thelma_caillet-816x1024.png"},{"@type":"BreadcrumbList","@id":"https:\/\/www.paulinakamakine.fr\/courts-metrages\/#breadcrumb","itemListElement":[{"@type":"ListItem","position":1,"name":"Paulina Kamakine","item":"https:\/\/www.paulinakamakine.fr\/"},{"@type":"ListItem","position":2,"name":"Courts m\u00e9trages"}]},{"@type":"WebSite","@id":"https:\/\/www.paulinakamakine.fr\/#website","url":"https:\/\/www.paulinakamakine.fr\/","name":"Paulina Kamakine","description":"Site Officiel du P\u00e8tit Aous\u00e8t | Bienvenue en Terre Occitane","publisher":{"@id":"https:\/\/www.paulinakamakine.fr\/#\/schema\/person\/ebde08b0f233cf45a106ceddce6f1e60"},"potentialAction":[{"@type":"SearchAction","target":{"@type":"EntryPoint","urlTemplate":"https:\/\/www.paulinakamakine.fr\/?s={search_term_string}"},"query-input":{"@type":"PropertyValueSpecification","valueRequired":true,"valueName":"search_term_string"}}],"inLanguage":"fr-FR"},{"@type":["Person","Organization"],"@id":"https:\/\/www.paulinakamakine.fr\/#\/schema\/person\/ebde08b0f233cf45a106ceddce6f1e60","name":"Paulina Kamakine","image":{"@type":"ImageObject","inLanguage":"fr-FR","@id":"https:\/\/www.paulinakamakine.fr\/wp-content\/uploads\/2022\/07\/paulina5.jpg","url":"https:\/\/www.paulinakamakine.fr\/wp-content\/uploads\/2022\/07\/paulina5.jpg","contentUrl":"https:\/\/www.paulinakamakine.fr\/wp-content\/uploads\/2022\/07\/paulina5.jpg","width":640,"height":480,"caption":"Paulina Kamakine"},"logo":{"@id":"https:\/\/www.paulinakamakine.fr\/wp-content\/uploads\/2022\/07\/paulina5.jpg"},"sameAs":["http:\/\/paulinakamakine.fr","https:\/\/www.facebook.com\/pauline.erasmus.9","https:\/\/www.instagram.com\/totenpoesia\/","https:\/\/www.pinterest.fr\/loupetitauseth\/_saved\/","https:\/\/x.com\/https:\/\/twitter.com\/LanguesetCultur","https:\/\/www.youtube.com\/channel\/UChOQo8GUCc2WbjImIccdx5Q?view_as=subscriber"]}]}},"_links":{"self":[{"href":"https:\/\/www.paulinakamakine.fr\/fr_fr\/wp-json\/wp\/v2\/pages\/1375","targetHints":{"allow":["GET"]}}],"collection":[{"href":"https:\/\/www.paulinakamakine.fr\/fr_fr\/wp-json\/wp\/v2\/pages"}],"about":[{"href":"https:\/\/www.paulinakamakine.fr\/fr_fr\/wp-json\/wp\/v2\/types\/page"}],"author":[{"embeddable":true,"href":"https:\/\/www.paulinakamakine.fr\/fr_fr\/wp-json\/wp\/v2\/users\/1"}],"replies":[{"embeddable":true,"href":"https:\/\/www.paulinakamakine.fr\/fr_fr\/wp-json\/wp\/v2\/comments?post=1375"}],"version-history":[{"count":8,"href":"https:\/\/www.paulinakamakine.fr\/fr_fr\/wp-json\/wp\/v2\/pages\/1375\/revisions"}],"predecessor-version":[{"id":1437,"href":"https:\/\/www.paulinakamakine.fr\/fr_fr\/wp-json\/wp\/v2\/pages\/1375\/revisions\/1437"}],"wp:attachment":[{"href":"https:\/\/www.paulinakamakine.fr\/fr_fr\/wp-json\/wp\/v2\/media?parent=1375"}],"curies":[{"name":"wp","href":"https:\/\/api.w.org\/{rel}","templated":true}]}}