{"id":1175,"date":"2024-09-03T12:07:52","date_gmt":"2024-09-03T10:07:52","guid":{"rendered":"https:\/\/www.paulinakamakine.fr\/?page_id=1175"},"modified":"2024-09-17T11:26:02","modified_gmt":"2024-09-17T09:26:02","slug":"art-et-expo","status":"publish","type":"page","link":"https:\/\/www.paulinakamakine.fr\/oc\/art-et-expo\/","title":{"rendered":"Art e Mustras"},"content":{"rendered":"<h2 class=\"wp-block-heading has-text-align-center\"><em>Passejada Poetica<\/em> : <br>Ua mustra interactiva disponibla tau pr\u00e8st <\/h2>\n\n\n\n<br>\n\n\n\n<figure class=\"wp-block-image size-large\"><img loading=\"lazy\" decoding=\"async\" width=\"1024\" height=\"858\" src=\"https:\/\/www.paulinakamakine.fr\/wp-content\/uploads\/2024\/09\/Montage-Alice-Pauline-1024x858.jpg\" alt=\"\" class=\"wp-image-1179\" srcset=\"https:\/\/www.paulinakamakine.fr\/wp-content\/uploads\/2024\/09\/Montage-Alice-Pauline-1024x858.jpg 1024w, https:\/\/www.paulinakamakine.fr\/wp-content\/uploads\/2024\/09\/Montage-Alice-Pauline-300x252.jpg 300w, https:\/\/www.paulinakamakine.fr\/wp-content\/uploads\/2024\/09\/Montage-Alice-Pauline-768x644.jpg 768w, https:\/\/www.paulinakamakine.fr\/wp-content\/uploads\/2024\/09\/Montage-Alice-Pauline-14x12.jpg 14w, https:\/\/www.paulinakamakine.fr\/wp-content\/uploads\/2024\/09\/Montage-Alice-Pauline.jpg 1528w\" sizes=\"auto, (max-width: 1024px) 100vw, 1024px\" \/><\/figure>\n\n\n\n<br>\n\n\n\n<p>Camin contemplatiu biling\u00fce gascon\/franc\u00e9s - 12 estacions d'escota<\/p>\n\n\n\n<p>12 pan\u00e8us interactifs dab QR c\u00f2dis - Format A1 - Posicionables en interior o exterior<\/p>\n\n\n\n<p>Po\u00e8mas : Paulina Kamakine<\/p>\n\n\n\n<p>Fotografias : Alice Traisnel<\/p>\n\n\n\n<p>Aqueth camin contemplatiu que permeter\u00e0 au public gran de s'auherir un moment pasible mes subertot de descobrir&nbsp;<strong>duas artistas occitanas<\/strong>&nbsp;qui participan pleament a reviscolar la&nbsp;<strong>lenga gascona<\/strong>.&nbsp;<\/p>\n\n\n\n<br>\n\n\n\n<figure class=\"wp-block-image size-full is-resized\"><img loading=\"lazy\" decoding=\"async\" width=\"640\" height=\"306\" src=\"https:\/\/www.paulinakamakine.fr\/wp-content\/uploads\/2024\/09\/public.jpeg\" alt=\"\" class=\"wp-image-1178\" style=\"width:840px;height:auto\" srcset=\"https:\/\/www.paulinakamakine.fr\/wp-content\/uploads\/2024\/09\/public.jpeg 640w, https:\/\/www.paulinakamakine.fr\/wp-content\/uploads\/2024\/09\/public-300x143.jpeg 300w, https:\/\/www.paulinakamakine.fr\/wp-content\/uploads\/2024\/09\/public-18x9.jpeg 18w\" sizes=\"auto, (max-width: 640px) 100vw, 640px\" \/><\/figure>\n\n\n\n<br>\n\n\n\n<p>Dossi\u00e8r de demanda de pr\u00e8st :&nbsp;<a href=\"https:\/\/www.journees-sorcieres.fr\/services-2\/\" target=\"_blank\" rel=\"noreferrer noopener\">https:\/\/www.journees-sorcieres.fr\/services-2\/<\/a><br>Contacte :&nbsp;<strong>Thomas Gargallo&nbsp;<a href=\"mailto:thomas.gargallo@ecomail.fr\" target=\"_blank\" rel=\"noreferrer noopener\">thomas.gargallo@ecomail.fr<\/a><\/strong><\/p>\n\n\n\n<br>\n\n\n\n<figure class=\"wp-block-embed is-type-video is-provider-youtube wp-block-embed-youtube wp-embed-aspect-16-9 wp-has-aspect-ratio\"><div class=\"wp-block-embed__wrapper\">\n<iframe loading=\"lazy\" title=\"C\u00e9l\u00e9brer le vivant : une journ\u00e9e entre voix et nature, 2\u00e8me \u00e9dition (2024)\" width=\"750\" height=\"422\" src=\"https:\/\/www.youtube.com\/embed\/sWaTNtBfJVE?feature=oembed\" frameborder=\"0\" allow=\"accelerometer; autoplay; clipboard-write; encrypted-media; gyroscope; picture-in-picture; web-share\" referrerpolicy=\"strict-origin-when-cross-origin\" allowfullscreen><\/iframe>\n<\/div><\/figure>","protected":false},"excerpt":{"rendered":"<p>Passejada Poetica : une&nbsp;exposition interactive disponible au pr\u00eat Parcours contemplatif bilingue gascon\/fran\u00e7ais en 12 Stations d\u2019\u00e9coute 12 panneaux ineractifs avec QR-Codes &#8211; Format A1 &#8211; Positionnables en int\u00e9rieur ou ext\u00e9rieur Po\u00e8mes : Paulina Kamakine Photographies : Alice Traisnel Ce parcours contemplatif permettra au grand public de s\u2019offrir un moment paisible [&hellip;]<\/p>\n","protected":false},"author":1,"featured_media":0,"parent":0,"menu_order":0,"comment_status":"closed","ping_status":"closed","template":"","meta":{"footnotes":""},"class_list":["post-1175","page","type-page","status-publish","hentry"],"yoast_head":"<!-- This site is optimized with the Yoast SEO plugin v27.4 - https:\/\/yoast.com\/product\/yoast-seo-wordpress\/ -->\n<title>Art et expos - Paulina Kamakine<\/title>\n<meta name=\"description\" content=\"Rencontre entre po\u00e9sie et Arts plastiques.\" \/>\n<meta name=\"robots\" content=\"index, follow, max-snippet:-1, max-image-preview:large, max-video-preview:-1\" \/>\n<link rel=\"canonical\" href=\"https:\/\/www.paulinakamakine.fr\/oc\/art-et-expo\/\" \/>\n<meta property=\"og:locale\" content=\"en_US\" \/>\n<meta property=\"og:type\" content=\"article\" \/>\n<meta property=\"og:title\" content=\"Art et expos - Paulina Kamakine\" \/>\n<meta property=\"og:description\" content=\"Rencontre entre po\u00e9sie et Arts plastiques.\" \/>\n<meta property=\"og:url\" content=\"https:\/\/www.paulinakamakine.fr\/oc\/art-et-expo\/\" \/>\n<meta property=\"og:site_name\" content=\"Paulina Kamakine\" \/>\n<meta property=\"article:publisher\" content=\"https:\/\/www.facebook.com\/pauline.erasmus.9\" \/>\n<meta property=\"article:modified_time\" content=\"2024-09-17T09:26:02+00:00\" \/>\n<meta property=\"og:image\" content=\"https:\/\/www.paulinakamakine.fr\/wp-content\/uploads\/2024\/09\/Montage-Alice-Pauline-1024x858.jpg\" \/>\n<meta name=\"twitter:card\" content=\"summary_large_image\" \/>\n<meta name=\"twitter:site\" content=\"@LanguesetCultur\" \/>\n<meta name=\"twitter:label1\" content=\"Est. reading time\" \/>\n\t<meta name=\"twitter:data1\" content=\"1 minute\" \/>\n<script type=\"application\/ld+json\" class=\"yoast-schema-graph\">{\"@context\":\"https:\\\/\\\/schema.org\",\"@graph\":[{\"@type\":\"WebPage\",\"@id\":\"https:\\\/\\\/www.paulinakamakine.fr\\\/art-et-expo\\\/\",\"url\":\"https:\\\/\\\/www.paulinakamakine.fr\\\/art-et-expo\\\/\",\"name\":\"Art et expos - Paulina Kamakine\",\"isPartOf\":{\"@id\":\"https:\\\/\\\/www.paulinakamakine.fr\\\/#website\"},\"primaryImageOfPage\":{\"@id\":\"https:\\\/\\\/www.paulinakamakine.fr\\\/art-et-expo\\\/#primaryimage\"},\"image\":{\"@id\":\"https:\\\/\\\/www.paulinakamakine.fr\\\/art-et-expo\\\/#primaryimage\"},\"thumbnailUrl\":\"https:\\\/\\\/www.paulinakamakine.fr\\\/wp-content\\\/uploads\\\/2024\\\/09\\\/Montage-Alice-Pauline-1024x858.jpg\",\"datePublished\":\"2024-09-03T10:07:52+00:00\",\"dateModified\":\"2024-09-17T09:26:02+00:00\",\"description\":\"Rencontre entre po\u00e9sie et Arts plastiques.\",\"breadcrumb\":{\"@id\":\"https:\\\/\\\/www.paulinakamakine.fr\\\/art-et-expo\\\/#breadcrumb\"},\"inLanguage\":\"oc\",\"potentialAction\":[{\"@type\":\"ReadAction\",\"target\":[\"https:\\\/\\\/www.paulinakamakine.fr\\\/art-et-expo\\\/\"]}]},{\"@type\":\"ImageObject\",\"inLanguage\":\"oc\",\"@id\":\"https:\\\/\\\/www.paulinakamakine.fr\\\/art-et-expo\\\/#primaryimage\",\"url\":\"https:\\\/\\\/www.paulinakamakine.fr\\\/wp-content\\\/uploads\\\/2024\\\/09\\\/Montage-Alice-Pauline-1024x858.jpg\",\"contentUrl\":\"https:\\\/\\\/www.paulinakamakine.fr\\\/wp-content\\\/uploads\\\/2024\\\/09\\\/Montage-Alice-Pauline-1024x858.jpg\"},{\"@type\":\"BreadcrumbList\",\"@id\":\"https:\\\/\\\/www.paulinakamakine.fr\\\/art-et-expo\\\/#breadcrumb\",\"itemListElement\":[{\"@type\":\"ListItem\",\"position\":1,\"name\":\"Paulina Kamakine\",\"item\":\"https:\\\/\\\/www.paulinakamakine.fr\\\/\"},{\"@type\":\"ListItem\",\"position\":2,\"name\":\"Art et expos\"}]},{\"@type\":\"WebSite\",\"@id\":\"https:\\\/\\\/www.paulinakamakine.fr\\\/#website\",\"url\":\"https:\\\/\\\/www.paulinakamakine.fr\\\/\",\"name\":\"Paulina Kamakine\",\"description\":\"Site Officiel du P\u00e8tit Aous\u00e8t | Bienvenue en Terre Occitane\",\"publisher\":{\"@id\":\"https:\\\/\\\/www.paulinakamakine.fr\\\/#\\\/schema\\\/person\\\/ebde08b0f233cf45a106ceddce6f1e60\"},\"potentialAction\":[{\"@type\":\"SearchAction\",\"target\":{\"@type\":\"EntryPoint\",\"urlTemplate\":\"https:\\\/\\\/www.paulinakamakine.fr\\\/?s={search_term_string}\"},\"query-input\":{\"@type\":\"PropertyValueSpecification\",\"valueRequired\":true,\"valueName\":\"search_term_string\"}}],\"inLanguage\":\"oc\"},{\"@type\":[\"Person\",\"Organization\"],\"@id\":\"https:\\\/\\\/www.paulinakamakine.fr\\\/#\\\/schema\\\/person\\\/ebde08b0f233cf45a106ceddce6f1e60\",\"name\":\"Paulina Kamakine\",\"image\":{\"@type\":\"ImageObject\",\"inLanguage\":\"oc\",\"@id\":\"https:\\\/\\\/www.paulinakamakine.fr\\\/wp-content\\\/uploads\\\/2022\\\/07\\\/paulina5.jpg\",\"url\":\"https:\\\/\\\/www.paulinakamakine.fr\\\/wp-content\\\/uploads\\\/2022\\\/07\\\/paulina5.jpg\",\"contentUrl\":\"https:\\\/\\\/www.paulinakamakine.fr\\\/wp-content\\\/uploads\\\/2022\\\/07\\\/paulina5.jpg\",\"width\":640,\"height\":480,\"caption\":\"Paulina Kamakine\"},\"logo\":{\"@id\":\"https:\\\/\\\/www.paulinakamakine.fr\\\/wp-content\\\/uploads\\\/2022\\\/07\\\/paulina5.jpg\"},\"sameAs\":[\"http:\\\/\\\/paulinakamakine.fr\",\"https:\\\/\\\/www.facebook.com\\\/pauline.erasmus.9\",\"https:\\\/\\\/www.instagram.com\\\/totenpoesia\\\/\",\"https:\\\/\\\/www.pinterest.fr\\\/loupetitauseth\\\/_saved\\\/\",\"https:\\\/\\\/x.com\\\/https:\\\/\\\/twitter.com\\\/LanguesetCultur\",\"https:\\\/\\\/www.youtube.com\\\/channel\\\/UChOQo8GUCc2WbjImIccdx5Q?view_as=subscriber\"]}]}<\/script>\n<!-- \/ Yoast SEO plugin. -->","yoast_head_json":{"title":"Art et expos - Paulina Kamakine","description":"Rencontre entre po\u00e9sie et Arts plastiques.","robots":{"index":"index","follow":"follow","max-snippet":"max-snippet:-1","max-image-preview":"max-image-preview:large","max-video-preview":"max-video-preview:-1"},"canonical":"https:\/\/www.paulinakamakine.fr\/oc\/art-et-expo\/","og_locale":"en_US","og_type":"article","og_title":"Art et expos - Paulina Kamakine","og_description":"Rencontre entre po\u00e9sie et Arts plastiques.","og_url":"https:\/\/www.paulinakamakine.fr\/oc\/art-et-expo\/","og_site_name":"Paulina Kamakine","article_publisher":"https:\/\/www.facebook.com\/pauline.erasmus.9","article_modified_time":"2024-09-17T09:26:02+00:00","og_image":[{"url":"https:\/\/www.paulinakamakine.fr\/wp-content\/uploads\/2024\/09\/Montage-Alice-Pauline-1024x858.jpg","type":"","width":"","height":""}],"twitter_card":"summary_large_image","twitter_site":"@LanguesetCultur","twitter_misc":{"Est. reading time":"1 minute"},"schema":{"@context":"https:\/\/schema.org","@graph":[{"@type":"WebPage","@id":"https:\/\/www.paulinakamakine.fr\/art-et-expo\/","url":"https:\/\/www.paulinakamakine.fr\/art-et-expo\/","name":"Art et expos - Paulina Kamakine","isPartOf":{"@id":"https:\/\/www.paulinakamakine.fr\/#website"},"primaryImageOfPage":{"@id":"https:\/\/www.paulinakamakine.fr\/art-et-expo\/#primaryimage"},"image":{"@id":"https:\/\/www.paulinakamakine.fr\/art-et-expo\/#primaryimage"},"thumbnailUrl":"https:\/\/www.paulinakamakine.fr\/wp-content\/uploads\/2024\/09\/Montage-Alice-Pauline-1024x858.jpg","datePublished":"2024-09-03T10:07:52+00:00","dateModified":"2024-09-17T09:26:02+00:00","description":"Rencontre entre po\u00e9sie et Arts plastiques.","breadcrumb":{"@id":"https:\/\/www.paulinakamakine.fr\/art-et-expo\/#breadcrumb"},"inLanguage":"oc","potentialAction":[{"@type":"ReadAction","target":["https:\/\/www.paulinakamakine.fr\/art-et-expo\/"]}]},{"@type":"ImageObject","inLanguage":"oc","@id":"https:\/\/www.paulinakamakine.fr\/art-et-expo\/#primaryimage","url":"https:\/\/www.paulinakamakine.fr\/wp-content\/uploads\/2024\/09\/Montage-Alice-Pauline-1024x858.jpg","contentUrl":"https:\/\/www.paulinakamakine.fr\/wp-content\/uploads\/2024\/09\/Montage-Alice-Pauline-1024x858.jpg"},{"@type":"BreadcrumbList","@id":"https:\/\/www.paulinakamakine.fr\/art-et-expo\/#breadcrumb","itemListElement":[{"@type":"ListItem","position":1,"name":"Paulina Kamakine","item":"https:\/\/www.paulinakamakine.fr\/"},{"@type":"ListItem","position":2,"name":"Art et expos"}]},{"@type":"WebSite","@id":"https:\/\/www.paulinakamakine.fr\/#website","url":"https:\/\/www.paulinakamakine.fr\/","name":"Paulina Kamakine","description":"Site Officiel du P\u00e8tit Aous\u00e8t | Bienvenue en Terre Occitane","publisher":{"@id":"https:\/\/www.paulinakamakine.fr\/#\/schema\/person\/ebde08b0f233cf45a106ceddce6f1e60"},"potentialAction":[{"@type":"SearchAction","target":{"@type":"EntryPoint","urlTemplate":"https:\/\/www.paulinakamakine.fr\/?s={search_term_string}"},"query-input":{"@type":"PropertyValueSpecification","valueRequired":true,"valueName":"search_term_string"}}],"inLanguage":"oc"},{"@type":["Person","Organization"],"@id":"https:\/\/www.paulinakamakine.fr\/#\/schema\/person\/ebde08b0f233cf45a106ceddce6f1e60","name":"Paulina Kamakine","image":{"@type":"ImageObject","inLanguage":"oc","@id":"https:\/\/www.paulinakamakine.fr\/wp-content\/uploads\/2022\/07\/paulina5.jpg","url":"https:\/\/www.paulinakamakine.fr\/wp-content\/uploads\/2022\/07\/paulina5.jpg","contentUrl":"https:\/\/www.paulinakamakine.fr\/wp-content\/uploads\/2022\/07\/paulina5.jpg","width":640,"height":480,"caption":"Paulina Kamakine"},"logo":{"@id":"https:\/\/www.paulinakamakine.fr\/wp-content\/uploads\/2022\/07\/paulina5.jpg"},"sameAs":["http:\/\/paulinakamakine.fr","https:\/\/www.facebook.com\/pauline.erasmus.9","https:\/\/www.instagram.com\/totenpoesia\/","https:\/\/www.pinterest.fr\/loupetitauseth\/_saved\/","https:\/\/x.com\/https:\/\/twitter.com\/LanguesetCultur","https:\/\/www.youtube.com\/channel\/UChOQo8GUCc2WbjImIccdx5Q?view_as=subscriber"]}]}},"_links":{"self":[{"href":"https:\/\/www.paulinakamakine.fr\/oc\/wp-json\/wp\/v2\/pages\/1175","targetHints":{"allow":["GET"]}}],"collection":[{"href":"https:\/\/www.paulinakamakine.fr\/oc\/wp-json\/wp\/v2\/pages"}],"about":[{"href":"https:\/\/www.paulinakamakine.fr\/oc\/wp-json\/wp\/v2\/types\/page"}],"author":[{"embeddable":true,"href":"https:\/\/www.paulinakamakine.fr\/oc\/wp-json\/wp\/v2\/users\/1"}],"replies":[{"embeddable":true,"href":"https:\/\/www.paulinakamakine.fr\/oc\/wp-json\/wp\/v2\/comments?post=1175"}],"version-history":[{"count":7,"href":"https:\/\/www.paulinakamakine.fr\/oc\/wp-json\/wp\/v2\/pages\/1175\/revisions"}],"predecessor-version":[{"id":1196,"href":"https:\/\/www.paulinakamakine.fr\/oc\/wp-json\/wp\/v2\/pages\/1175\/revisions\/1196"}],"wp:attachment":[{"href":"https:\/\/www.paulinakamakine.fr\/oc\/wp-json\/wp\/v2\/media?parent=1175"}],"curies":[{"name":"wp","href":"https:\/\/api.w.org\/{rel}","templated":true}]}}