{"id":3,"date":"2022-05-14T14:53:30","date_gmt":"2022-05-14T12:53:30","guid":{"rendered":"http:\/\/paulinakamakine.fr\/?page_id=3"},"modified":"2022-07-12T16:58:07","modified_gmt":"2022-07-12T14:58:07","slug":"mentions-legales","status":"publish","type":"page","link":"https:\/\/www.paulinakamakine.fr\/oc\/mentions-legales\/","title":{"rendered":"Mentions l\u00e9gales &#038; Politique de confidentialit\u00e9"},"content":{"rendered":"<h2 class=\"wp-block-heading\">Qui suis-je&nbsp;?<\/h2>\n\n\n\n<p>L\u2019adresse de mon site est\u00a0: http:\/\/www.paulinakamakine.fr.<\/p>\n\n\n\n<h2 class=\"wp-block-heading\">Contenu<\/h2>\n\n\n\n<p>Ce site est \u00e9dit\u00e9 sous WordPress.&nbsp;Auteur et responsable de la publication : Paulina Kamakine.<\/p>\n\n\n\n<h2 class=\"wp-block-heading\">H\u00e9bergement<\/h2>\n\n\n\n<p>Ce site est h\u00e9berg\u00e9 par OVH.com.&nbsp;Si\u00e8ge social : 2 rue Kellermann \u2013 59100 Roubaix \u2013 France<\/p>\n\n\n\n<h2 class=\"wp-block-heading\">Propri\u00e9t\u00e9 intellectuelle<\/h2>\n\n\n\n<p>Paulina Kamakine est propri\u00e9taire des droits de propri\u00e9t\u00e9 intellectuelle ou d\u00e9tient les droits d\u2019usage sur tous les \u00e9l\u00e9ments accessibles sur le site, notamment les textes, images (sauf mentions contraires). Toute reproduction, repr\u00e9sentation, modification, publication, adaptation de tout ou partie des \u00e9l\u00e9ments du site, quel que soit le moyen ou le proc\u00e9d\u00e9 utilis\u00e9, est interdite, sauf autorisation \u00e9crite pr\u00e9alable. Toute exploitation non autoris\u00e9e du site&nbsp;<strong>paulinakamakine.fr<\/strong>&nbsp;ou de l\u2019un quelconque des \u00e9l\u00e9ments qu\u2019il contient sera consid\u00e9r\u00e9e comme constitutive d\u2019une contrefa\u00e7on et poursuivie conform\u00e9ment aux dispositions des articles L.335-2 et suivants du Code de Propri\u00e9t\u00e9 Intellectuelle.&nbsp;Cela dit, conform\u00e9ment \u00e0 l\u2019article L. 122-5 du Code de la propri\u00e9t\u00e9 intellectuelle, les courtes citations du contenu sont autoris\u00e9es, sous r\u00e9serve que soient indiqu\u00e9s clairement le nom de l\u2019auteur Paulina Kamakine et de la source paulinakamakine.fr, par un lien vers une des pages de ce site web.<\/p>\n\n\n\n<h2 class=\"wp-block-heading\">Commentaires<\/h2>\n\n\n\n<p>Quand vous laissez un commentaire sur le site, les donn\u00e9es inscrites dans le formulaire de commentaire, mais aussi votre adresse IP et l\u2019agent utilisateur de votre navigateur sont collect\u00e9s pour nous aider \u00e0 la d\u00e9tection des commentaires ind\u00e9sirables.<\/p>\n\n\n\n<p>Une cha\u00eene anonymis\u00e9e cr\u00e9\u00e9e \u00e0 partir de votre adresse e-mail (\u00e9galement appel\u00e9e hash) peut \u00eatre envoy\u00e9e au service Gravatar pour v\u00e9rifier si vous utilisez ce dernier. Les clauses de confidentialit\u00e9 du service Gravatar sont disponibles ici&nbsp;: https:\/\/automattic.com\/privacy\/. Apr\u00e8s validation de votre commentaire, votre photo de profil sera visible publiquement \u00e0 cot\u00e9 de votre commentaire.<\/p>\n\n\n\n<h2 class=\"wp-block-heading\">M\u00e9dias<\/h2>\n\n\n\n<p>Si vous t\u00e9l\u00e9versez des images sur le site, nous vous conseillons d\u2019\u00e9viter de t\u00e9l\u00e9verser des images contenant des donn\u00e9es EXIF de coordonn\u00e9es GPS. Les personnes visitant votre site peuvent t\u00e9l\u00e9charger et extraire des donn\u00e9es de localisation depuis ces images.<\/p>\n\n\n\n<h2 class=\"wp-block-heading\">Cookies<\/h2>\n\n\n\n<p>Si vous d\u00e9posez un commentaire sur notre site, il vous sera propos\u00e9 d\u2019enregistrer votre nom, adresse e-mail et site dans des cookies. C\u2019est uniquement pour votre confort afin de ne pas avoir \u00e0 saisir ces informations si vous d\u00e9posez un autre commentaire plus tard. Ces cookies expirent au bout d\u2019un an.<\/p>\n\n\n\n<p>Si vous vous rendez sur la page de connexion, un cookie temporaire sera cr\u00e9\u00e9 afin de d\u00e9terminer si votre navigateur accepte les cookies. Il ne contient pas de donn\u00e9es personnelles et sera supprim\u00e9 automatiquement \u00e0 la fermeture de votre navigateur.<\/p>\n\n\n\n<p>Lorsque vous vous connecterez, nous mettrons en place un certain nombre de cookies pour enregistrer vos informations de connexion et vos pr\u00e9f\u00e9rences d\u2019\u00e9cran. La dur\u00e9e de vie d\u2019un cookie de connexion est de deux jours, celle d\u2019un cookie d\u2019option d\u2019\u00e9cran est d\u2019un an. Si vous cochez \u00ab&nbsp;Se souvenir de moi&nbsp;\u00bb, votre cookie de connexion sera conserv\u00e9 pendant deux semaines. Si vous vous d\u00e9connectez de votre compte, le cookie de connexion sera effac\u00e9.<\/p>\n\n\n\n<p>En modifiant ou en publiant une publication, un cookie suppl\u00e9mentaire sera enregistr\u00e9 dans votre navigateur. Ce cookie ne comprend aucune donn\u00e9e personnelle. Il indique simplement l\u2019ID de la publication que vous venez de modifier. Il expire au bout d\u2019un jour.<\/p>\n\n\n\n<h2 class=\"wp-block-heading\">Contenu embarqu\u00e9 depuis d\u2019autres sites<\/h2>\n\n\n\n<p>Les articles de ce site peuvent inclure des contenus int\u00e9gr\u00e9s (par exemple des vid\u00e9os, images, articles\u2026). Le contenu int\u00e9gr\u00e9 depuis d\u2019autres sites se comporte de la m\u00eame mani\u00e8re que si le visiteur se rendait sur cet autre site.<\/p>\n\n\n\n<p>Ces sites web pourraient collecter des donn\u00e9es sur vous, utiliser des cookies, embarquer des outils de suivis tiers, suivre vos interactions avec ces contenus embarqu\u00e9s si vous disposez d\u2019un compte connect\u00e9 sur leur site web.<\/p>\n\n\n\n<h2 class=\"wp-block-heading\">Limitation de la responsabilit\u00e9 technique<\/h2>\n\n\n\n<p>Il se peut que le site&nbsp;<strong>paulinakamakine.fr&nbsp;<\/strong>utilise la technologie JavaScript.&nbsp;Le site web ne pourra \u00eatre tenu responsable de dommages mat\u00e9riels li\u00e9s \u00e0 l\u2019utilisation du site. De plus, l\u2019utilisateur du site s\u2019engage \u00e0 acc\u00e9der au site en utilisant un mat\u00e9riel r\u00e9cent, ne contenant pas de virus et avec un navigateur de derni\u00e8re g\u00e9n\u00e9ration mis-\u00e0-jour.<\/p>\n\n\n\n<h2 class=\"wp-block-heading\">Dur\u00e9es de stockage de vos donn\u00e9es<\/h2>\n\n\n\n<p>Si vous laissez un commentaire, le commentaire et ses m\u00e9tadonn\u00e9es sont conserv\u00e9s ind\u00e9finiment. Cela permet de reconna\u00eetre et approuver automatiquement les commentaires suivants au lieu de les laisser dans la file de mod\u00e9ration.<\/p>\n\n\n\n<p>Pour les comptes qui s\u2019inscrivent sur notre site (le cas \u00e9ch\u00e9ant), nous stockons \u00e9galement les donn\u00e9es personnelles indiqu\u00e9es dans leur profil. Tous les comptes peuvent voir, modifier ou supprimer leurs informations personnelles \u00e0 tout moment (\u00e0 l\u2019exception de leur identifiant). Les gestionnaires du site peuvent aussi voir et modifier ces informations.<\/p>\n\n\n\n<h2 class=\"wp-block-heading\">Les droits que vous avez sur vos donn\u00e9es<\/h2>\n\n\n\n<p>Si vous avez un compte ou si vous avez laiss\u00e9 des commentaires sur le site, vous pouvez demander \u00e0 recevoir un fichier contenant toutes les donn\u00e9es personnelles que nous poss\u00e9dons \u00e0 votre sujet, incluant celles que vous nous avez fournies. Vous pouvez \u00e9galement demander la suppression des donn\u00e9es personnelles vous concernant. Cela ne prend pas en compte les donn\u00e9es stock\u00e9es \u00e0 des fins administratives, l\u00e9gales ou pour des raisons de s\u00e9curit\u00e9.<\/p>\n\n\n\n<h2 class=\"wp-block-heading\">Transmission de vos donn\u00e9es personnelles<\/h2>\n\n\n\n<p>Les commentaires des visiteurs peuvent \u00eatre v\u00e9rifi\u00e9s \u00e0 l\u2019aide d\u2019un service automatis\u00e9 de d\u00e9tection des commentaires ind\u00e9sirables.<\/p>","protected":false},"excerpt":{"rendered":"<p>Qui suis-je&nbsp;? L\u2019adresse de mon site est\u00a0: http:\/\/www.paulinakamakine.fr. Contenu Ce site est \u00e9dit\u00e9 sous WordPress.&nbsp;Auteur et responsable de la publication : Paulina Kamakine. H\u00e9bergement Ce site est h\u00e9berg\u00e9 par OVH.com.&nbsp;Si\u00e8ge social : 2 rue Kellermann \u2013 59100 Roubaix \u2013 France Propri\u00e9t\u00e9 intellectuelle Paulina Kamakine est propri\u00e9taire des droits de propri\u00e9t\u00e9 [&hellip;]<\/p>\n","protected":false},"author":1,"featured_media":0,"parent":0,"menu_order":0,"comment_status":"closed","ping_status":"open","template":"","meta":{"footnotes":""},"class_list":["post-3","page","type-page","status-publish","hentry"],"yoast_head":"<!-- This site is optimized with the Yoast SEO plugin v27.4 - https:\/\/yoast.com\/product\/yoast-seo-wordpress\/ -->\n<title>Mentions l\u00e9gales &amp; Politique de confidentialit\u00e9 - Paulina Kamakine<\/title>\n<meta name=\"robots\" content=\"index, follow, max-snippet:-1, max-image-preview:large, max-video-preview:-1\" \/>\n<link rel=\"canonical\" href=\"https:\/\/www.paulinakamakine.fr\/oc\/mentions-legales\/\" \/>\n<meta property=\"og:locale\" content=\"en_US\" \/>\n<meta property=\"og:type\" content=\"article\" \/>\n<meta property=\"og:title\" content=\"Mentions l\u00e9gales &amp; Politique de confidentialit\u00e9 - Paulina Kamakine\" \/>\n<meta property=\"og:description\" content=\"Qui suis-je&nbsp;? L\u2019adresse de mon site est\u00a0: http:\/\/www.paulinakamakine.fr. Contenu Ce site est \u00e9dit\u00e9 sous WordPress.&nbsp;Auteur et responsable de la publication : Paulina Kamakine. H\u00e9bergement Ce site est h\u00e9berg\u00e9 par OVH.com.&nbsp;Si\u00e8ge social : 2 rue Kellermann \u2013 59100 Roubaix \u2013 France Propri\u00e9t\u00e9 intellectuelle Paulina Kamakine est propri\u00e9taire des droits de propri\u00e9t\u00e9 [&hellip;]\" \/>\n<meta property=\"og:url\" content=\"https:\/\/www.paulinakamakine.fr\/oc\/mentions-legales\/\" \/>\n<meta property=\"og:site_name\" content=\"Paulina Kamakine\" \/>\n<meta property=\"article:publisher\" content=\"https:\/\/www.facebook.com\/pauline.erasmus.9\" \/>\n<meta property=\"article:modified_time\" content=\"2022-07-12T14:58:07+00:00\" \/>\n<meta name=\"twitter:card\" content=\"summary_large_image\" \/>\n<meta name=\"twitter:site\" content=\"@LanguesetCultur\" \/>\n<meta name=\"twitter:label1\" content=\"Est. reading time\" \/>\n\t<meta name=\"twitter:data1\" content=\"5 minutes\" \/>\n<script type=\"application\/ld+json\" class=\"yoast-schema-graph\">{\"@context\":\"https:\\\/\\\/schema.org\",\"@graph\":[{\"@type\":\"WebPage\",\"@id\":\"https:\\\/\\\/www.paulinakamakine.fr\\\/mentions-legales\\\/\",\"url\":\"https:\\\/\\\/www.paulinakamakine.fr\\\/mentions-legales\\\/\",\"name\":\"Mentions l\u00e9gales & Politique de confidentialit\u00e9 - Paulina Kamakine\",\"isPartOf\":{\"@id\":\"https:\\\/\\\/www.paulinakamakine.fr\\\/#website\"},\"datePublished\":\"2022-05-14T12:53:30+00:00\",\"dateModified\":\"2022-07-12T14:58:07+00:00\",\"breadcrumb\":{\"@id\":\"https:\\\/\\\/www.paulinakamakine.fr\\\/mentions-legales\\\/#breadcrumb\"},\"inLanguage\":\"oc\",\"potentialAction\":[{\"@type\":\"ReadAction\",\"target\":[\"https:\\\/\\\/www.paulinakamakine.fr\\\/mentions-legales\\\/\"]}]},{\"@type\":\"BreadcrumbList\",\"@id\":\"https:\\\/\\\/www.paulinakamakine.fr\\\/mentions-legales\\\/#breadcrumb\",\"itemListElement\":[{\"@type\":\"ListItem\",\"position\":1,\"name\":\"Paulina Kamakine\",\"item\":\"https:\\\/\\\/www.paulinakamakine.fr\\\/\"},{\"@type\":\"ListItem\",\"position\":2,\"name\":\"Mentions l\u00e9gales &#038; Politique de confidentialit\u00e9\"}]},{\"@type\":\"WebSite\",\"@id\":\"https:\\\/\\\/www.paulinakamakine.fr\\\/#website\",\"url\":\"https:\\\/\\\/www.paulinakamakine.fr\\\/\",\"name\":\"Paulina Kamakine\",\"description\":\"Site Officiel du P\u00e8tit Aous\u00e8t | Bienvenue en Terre Occitane\",\"publisher\":{\"@id\":\"https:\\\/\\\/www.paulinakamakine.fr\\\/#\\\/schema\\\/person\\\/ebde08b0f233cf45a106ceddce6f1e60\"},\"potentialAction\":[{\"@type\":\"SearchAction\",\"target\":{\"@type\":\"EntryPoint\",\"urlTemplate\":\"https:\\\/\\\/www.paulinakamakine.fr\\\/?s={search_term_string}\"},\"query-input\":{\"@type\":\"PropertyValueSpecification\",\"valueRequired\":true,\"valueName\":\"search_term_string\"}}],\"inLanguage\":\"oc\"},{\"@type\":[\"Person\",\"Organization\"],\"@id\":\"https:\\\/\\\/www.paulinakamakine.fr\\\/#\\\/schema\\\/person\\\/ebde08b0f233cf45a106ceddce6f1e60\",\"name\":\"Paulina Kamakine\",\"image\":{\"@type\":\"ImageObject\",\"inLanguage\":\"oc\",\"@id\":\"https:\\\/\\\/www.paulinakamakine.fr\\\/wp-content\\\/uploads\\\/2022\\\/07\\\/paulina5.jpg\",\"url\":\"https:\\\/\\\/www.paulinakamakine.fr\\\/wp-content\\\/uploads\\\/2022\\\/07\\\/paulina5.jpg\",\"contentUrl\":\"https:\\\/\\\/www.paulinakamakine.fr\\\/wp-content\\\/uploads\\\/2022\\\/07\\\/paulina5.jpg\",\"width\":640,\"height\":480,\"caption\":\"Paulina Kamakine\"},\"logo\":{\"@id\":\"https:\\\/\\\/www.paulinakamakine.fr\\\/wp-content\\\/uploads\\\/2022\\\/07\\\/paulina5.jpg\"},\"sameAs\":[\"http:\\\/\\\/paulinakamakine.fr\",\"https:\\\/\\\/www.facebook.com\\\/pauline.erasmus.9\",\"https:\\\/\\\/www.instagram.com\\\/totenpoesia\\\/\",\"https:\\\/\\\/www.pinterest.fr\\\/loupetitauseth\\\/_saved\\\/\",\"https:\\\/\\\/x.com\\\/https:\\\/\\\/twitter.com\\\/LanguesetCultur\",\"https:\\\/\\\/www.youtube.com\\\/channel\\\/UChOQo8GUCc2WbjImIccdx5Q?view_as=subscriber\"]}]}<\/script>\n<!-- \/ Yoast SEO plugin. -->","yoast_head_json":{"title":"Mentions l\u00e9gales & Politique de confidentialit\u00e9 - Paulina Kamakine","robots":{"index":"index","follow":"follow","max-snippet":"max-snippet:-1","max-image-preview":"max-image-preview:large","max-video-preview":"max-video-preview:-1"},"canonical":"https:\/\/www.paulinakamakine.fr\/oc\/mentions-legales\/","og_locale":"en_US","og_type":"article","og_title":"Mentions l\u00e9gales & Politique de confidentialit\u00e9 - Paulina Kamakine","og_description":"Qui suis-je&nbsp;? L\u2019adresse de mon site est\u00a0: http:\/\/www.paulinakamakine.fr. Contenu Ce site est \u00e9dit\u00e9 sous WordPress.&nbsp;Auteur et responsable de la publication : Paulina Kamakine. H\u00e9bergement Ce site est h\u00e9berg\u00e9 par OVH.com.&nbsp;Si\u00e8ge social : 2 rue Kellermann \u2013 59100 Roubaix \u2013 France Propri\u00e9t\u00e9 intellectuelle Paulina Kamakine est propri\u00e9taire des droits de propri\u00e9t\u00e9 [&hellip;]","og_url":"https:\/\/www.paulinakamakine.fr\/oc\/mentions-legales\/","og_site_name":"Paulina Kamakine","article_publisher":"https:\/\/www.facebook.com\/pauline.erasmus.9","article_modified_time":"2022-07-12T14:58:07+00:00","twitter_card":"summary_large_image","twitter_site":"@LanguesetCultur","twitter_misc":{"Est. reading time":"5 minutes"},"schema":{"@context":"https:\/\/schema.org","@graph":[{"@type":"WebPage","@id":"https:\/\/www.paulinakamakine.fr\/mentions-legales\/","url":"https:\/\/www.paulinakamakine.fr\/mentions-legales\/","name":"Mentions l\u00e9gales & Politique de confidentialit\u00e9 - Paulina Kamakine","isPartOf":{"@id":"https:\/\/www.paulinakamakine.fr\/#website"},"datePublished":"2022-05-14T12:53:30+00:00","dateModified":"2022-07-12T14:58:07+00:00","breadcrumb":{"@id":"https:\/\/www.paulinakamakine.fr\/mentions-legales\/#breadcrumb"},"inLanguage":"oc","potentialAction":[{"@type":"ReadAction","target":["https:\/\/www.paulinakamakine.fr\/mentions-legales\/"]}]},{"@type":"BreadcrumbList","@id":"https:\/\/www.paulinakamakine.fr\/mentions-legales\/#breadcrumb","itemListElement":[{"@type":"ListItem","position":1,"name":"Paulina Kamakine","item":"https:\/\/www.paulinakamakine.fr\/"},{"@type":"ListItem","position":2,"name":"Mentions l\u00e9gales &#038; Politique de confidentialit\u00e9"}]},{"@type":"WebSite","@id":"https:\/\/www.paulinakamakine.fr\/#website","url":"https:\/\/www.paulinakamakine.fr\/","name":"Paulina Kamakine","description":"Site Officiel du P\u00e8tit Aous\u00e8t | Bienvenue en Terre Occitane","publisher":{"@id":"https:\/\/www.paulinakamakine.fr\/#\/schema\/person\/ebde08b0f233cf45a106ceddce6f1e60"},"potentialAction":[{"@type":"SearchAction","target":{"@type":"EntryPoint","urlTemplate":"https:\/\/www.paulinakamakine.fr\/?s={search_term_string}"},"query-input":{"@type":"PropertyValueSpecification","valueRequired":true,"valueName":"search_term_string"}}],"inLanguage":"oc"},{"@type":["Person","Organization"],"@id":"https:\/\/www.paulinakamakine.fr\/#\/schema\/person\/ebde08b0f233cf45a106ceddce6f1e60","name":"Paulina Kamakine","image":{"@type":"ImageObject","inLanguage":"oc","@id":"https:\/\/www.paulinakamakine.fr\/wp-content\/uploads\/2022\/07\/paulina5.jpg","url":"https:\/\/www.paulinakamakine.fr\/wp-content\/uploads\/2022\/07\/paulina5.jpg","contentUrl":"https:\/\/www.paulinakamakine.fr\/wp-content\/uploads\/2022\/07\/paulina5.jpg","width":640,"height":480,"caption":"Paulina Kamakine"},"logo":{"@id":"https:\/\/www.paulinakamakine.fr\/wp-content\/uploads\/2022\/07\/paulina5.jpg"},"sameAs":["http:\/\/paulinakamakine.fr","https:\/\/www.facebook.com\/pauline.erasmus.9","https:\/\/www.instagram.com\/totenpoesia\/","https:\/\/www.pinterest.fr\/loupetitauseth\/_saved\/","https:\/\/x.com\/https:\/\/twitter.com\/LanguesetCultur","https:\/\/www.youtube.com\/channel\/UChOQo8GUCc2WbjImIccdx5Q?view_as=subscriber"]}]}},"_links":{"self":[{"href":"https:\/\/www.paulinakamakine.fr\/oc\/wp-json\/wp\/v2\/pages\/3","targetHints":{"allow":["GET"]}}],"collection":[{"href":"https:\/\/www.paulinakamakine.fr\/oc\/wp-json\/wp\/v2\/pages"}],"about":[{"href":"https:\/\/www.paulinakamakine.fr\/oc\/wp-json\/wp\/v2\/types\/page"}],"author":[{"embeddable":true,"href":"https:\/\/www.paulinakamakine.fr\/oc\/wp-json\/wp\/v2\/users\/1"}],"replies":[{"embeddable":true,"href":"https:\/\/www.paulinakamakine.fr\/oc\/wp-json\/wp\/v2\/comments?post=3"}],"version-history":[{"count":5,"href":"https:\/\/www.paulinakamakine.fr\/oc\/wp-json\/wp\/v2\/pages\/3\/revisions"}],"predecessor-version":[{"id":711,"href":"https:\/\/www.paulinakamakine.fr\/oc\/wp-json\/wp\/v2\/pages\/3\/revisions\/711"}],"wp:attachment":[{"href":"https:\/\/www.paulinakamakine.fr\/oc\/wp-json\/wp\/v2\/media?parent=3"}],"curies":[{"name":"wp","href":"https:\/\/api.w.org\/{rel}","templated":true}]}}